{"id":419,"date":"2023-03-20T11:52:04","date_gmt":"2023-03-20T09:52:04","guid":{"rendered":"https:\/\/mosaiics.astro.bas.bg\/?page_id=419"},"modified":"2023-04-13T13:11:37","modified_gmt":"2023-04-13T10:11:37","slug":"419-2","status":"publish","type":"page","link":"https:\/\/mosaiics.astro.bas.bg\/?page_id=419","title":{"rendered":""},"content":{"rendered":"\n<div class=\"wp-block-cover\" style=\"min-height:401px\"><span aria-hidden=\"true\" class=\"wp-block-cover__background has-background-dim-0 has-background-dim\"><\/span><img decoding=\"async\" loading=\"lazy\" width=\"1920\" height=\"1080\" class=\"wp-block-cover__image-background wp-image-223\" alt=\"\" src=\"https:\/\/mosaiics.astro.bas.bg\/wp-content\/uploads\/2022\/11\/MSH2023_1920x1080-2.jpg\" data-object-fit=\"cover\" srcset=\"https:\/\/mosaiics.astro.bas.bg\/wp-content\/uploads\/2022\/11\/MSH2023_1920x1080-2.jpg 1920w, https:\/\/mosaiics.astro.bas.bg\/wp-content\/uploads\/2022\/11\/MSH2023_1920x1080-2-300x169.jpg 300w, https:\/\/mosaiics.astro.bas.bg\/wp-content\/uploads\/2022\/11\/MSH2023_1920x1080-2-1024x576.jpg 1024w, https:\/\/mosaiics.astro.bas.bg\/wp-content\/uploads\/2022\/11\/MSH2023_1920x1080-2-768x432.jpg 768w, https:\/\/mosaiics.astro.bas.bg\/wp-content\/uploads\/2022\/11\/MSH2023_1920x1080-2-1536x864.jpg 1536w\" sizes=\"(max-width: 1920px) 100vw, 1920px\" \/><div class=\"wp-block-cover__inner-container\">\n<p class=\"has-text-align-center has-large-font-size\"><\/p>\n<\/div><\/div>\n\n\n\n<h3 class=\"has-text-align-center\"><strong>INTERNATIONAL WORKSHOP ON<br>MACHINE LEARNING AND COMPUTER VISION<br>IN HELIOPHYSICS<br>19-21 April, 2023<br>Sofia, Bulgaria<br>and online<\/strong><\/h3>\n\n\n\n<div class=\"is-layout-flex wp-block-buttons\">\n<div class=\"wp-block-button has-custom-font-size has-small-font-size\"><a class=\"wp-block-button__link has-black-color has-pale-cyan-blue-background-color has-text-color has-background wp-element-button\" href=\"https:\/\/mosaiics.astro.bas.bg\/?page_id=165\">Back<\/a><\/div>\n<\/div>\n\n\n\n<div style=\"height:55px\" aria-hidden=\"true\" class=\"wp-block-spacer\"><\/div>\n\n\n\n<h2 class=\"has-text-align-center\">List of <strong>Registered Participants<\/strong><\/h2>\n\n\n\n<p class=\"has-black-color has-text-color has-medium-font-size\"><mark style=\"background-color:rgba(0, 0, 0, 0)\" class=\"has-inline-color has-black-color\">Juan Esteban Agudelo Ortiz &#8211; Universidad Nacional de Colombia<br>Aisha Alowais &#8211; University of Sharjah<br>Hanne Baeke &#8211; KU Leuven<br>Maike Bauer &#8211; GeoSphere Austria<br>Sarah Bentley &#8211; Northumbria University<\/mark><br>Stefano Bianco &#8211; GFZ German Research Centre for Geosciences<br>Harry Birch &#8211; Northumbria University<mark style=\"background-color:rgba(0, 0, 0, 0)\" class=\"has-inline-color has-black-color\"><br>Slava Bourgeois &#8211; University of Coimbra<\/mark><br>Moritz Buchner &#8211; University of Graz<mark style=\"background-color:rgba(0, 0, 0, 0)\" class=\"has-inline-color has-black-color\"><br>Juan Camilo Buitrago Casas &#8211; Space Sciences Lab UC Berkeley<\/mark><br>Daniel Carpenter &#8211; University of Michigan Ann Arbor<br>Cheng-Ying Chiang &#8211; National Central University<mark style=\"background-color:rgba(0, 0, 0, 0)\" class=\"has-inline-color has-black-color\"><br>Daniel Collin &#8211; German Research Centre for Geosciences GFZ<\/mark><br>Daniel Coman &#8211; Adobe Inc.<br>Andre Csillaghy &#8211; FHNW<br>Gonzalo Cucho-Padin &#8211; NASA GSFC \/ CUA<br>Sanja Danilovic &#8211; Stockholm University<br>Veronique Delouille &#8211; Solar Terrestrial Center of Excellence-SIDC\/Royal Observatory of Belgium<mark style=\"background-color:rgba(0, 0, 0, 0)\" class=\"has-inline-color has-black-color\"><br>Saida Milena Diaz Castillo &#8211; Leibniz-Institut f\u00fcr Sonnenphysik (KIS)<br>Andrea Diercke &#8211; Leibniz Institute for Solar Physics<\/mark><br>Henrik Eklund &#8211; Stockholm University<br>Alexander Engell &#8211; NextGen Federal Systems<br>Mario Fern\u00e1ndez Ruiz &#8211; Universidad de Alcal\u00e1<br>Gr\u00e9goire Francisco &#8211; University of Rome Tor Vergata<mark style=\"background-color:rgba(0, 0, 0, 0)\" class=\"has-inline-color has-black-color\"><br>Harshita Gandhi &#8211; Aberystwyth University<\/mark><br>Manolis Georgoulis &#8211; RCAAM of the Academy of Athens<br>Kendra Gilmore &#8211; Northumbria University<mark style=\"background-color:rgba(0, 0, 0, 0)\" class=\"has-inline-color has-black-color\"><br>Iaroslav Gorbachev &#8211; Leibniz-Institute for Solar Physics<br>Louis-Simon Guit\u00e9 &#8211; University of Montreal<br>Julio Hernandez Camero &#8211; Mullard Space Science Laboratory<br>Robert Jarolim &#8211; University of Graz<br>Priyansh Jaswal &#8211; Indian Institute of Science Education and Research Kolkata<\/mark><br>Spiridon Kasapis &#8211; NASA Ames Research Center<br>Shannon Killey &#8211; Northumbria University<br>Kamen Kozarev &#8211; Institute of Astronomy, Bulgarian Academy of Sciences<mark style=\"background-color:rgba(0, 0, 0, 0)\" class=\"has-inline-color has-black-color\"><br>Daniela Lacatus &#8211; High Altitude Observatory<\/mark><br>Henri Lamarre &#8211; Universit\u00e9 de Montr\u00e9al<mark style=\"background-color:rgba(0, 0, 0, 0)\" class=\"has-inline-color has-black-color\"><br>Matthew Lennard &#8211; University of Sheffield<br>Manuel Luna &#8211; Universitat de les Illes Balears<\/mark><br>Simon Mackovjak &#8211; Institute of Experimental Physics, Slovak Academy of Sciences<mark style=\"background-color:rgba(0, 0, 0, 0)\" class=\"has-inline-color has-black-color\"><br>Shane Maloney &#8211; Dublin Insitute for Advanced Studies<\/mark><br>Mattia Mancini &#8211; ASTRON, the Netherlands Institute of Radio Astronomy<mark style=\"background-color:rgba(0, 0, 0, 0)\" class=\"has-inline-color has-black-color\"><br>Ricardo Maranhas Gafeira &#8211; University of Coimbra<\/mark><br>Adriana Marcucci &#8211; Italian Air Force<mark style=\"background-color:rgba(0, 0, 0, 0)\" class=\"has-inline-color has-black-color\"><br>Vanessa Mercea &#8211; Technical University of Cluj-Napoca<br>Felix Minta &#8211; Egypt-Japan University of Science and Technology<br>Pearse Murphy &#8211; CNRS, LESIA, Observatoire de Paris<\/mark><br>Mohamed Nedal &#8211; Institute of Astronomy, Bulgarian Academy of Sciences<mark style=\"background-color:rgba(0, 0, 0, 0)\" class=\"has-inline-color has-black-color\"><br>Ndifreke Okon Nyah &#8211; University of Central Lancashire<br>Connor O&#8217;Brien &#8211; Boston University<br>Adeline Paiement &#8211; Universit\u00e9 de Toulon, LIS lab<\/mark><br>Susan Palacios Salcedo &#8211; Pontificia Universidad Catolica del Peru<mark style=\"background-color:rgba(0, 0, 0, 0)\" class=\"has-inline-color has-black-color\"><br>Athanasios Papaioannou &#8211; National Observatory of Athens<br>Alan Paraschiv &#8211; High Altitude Observatory, NCAR<br>Michele Piana &#8211; University of Genoa<br>Christopher Prior &#8211; University of Durham<br>Francesco Pio Ramunno &#8211; University of Applied Sciences North Western Switzerland (FHNW)<\/mark><br>Stephane Regnier &#8211; Northumbria University<mark style=\"background-color:rgba(0, 0, 0, 0)\" class=\"has-inline-color has-black-color\"><br>Hannah T. R\u00fcdisser &#8211; Austrian Space Weather Office (GeoSphere Austria)<\/mark><br>Martin Sanner &#8211; University of Dundee<mark style=\"background-color:rgba(0, 0, 0, 0)\" class=\"has-inline-color has-black-color\"><br>Niels Sayez &#8211; UCLouvain<br>Christoph Schirninger &#8211; University of Graz, Institute of Physics (IGAM)<br>Jeremiah Scully &#8211; Technological University of the Shannon<br>Talha Siddique &#8211; University of New Hampshire<\/mark><br>Oleg Stepanyuk &#8211; Institute of Astronomy, Bulgarian Academy of Sciences<mark style=\"background-color:rgba(0, 0, 0, 0)\" class=\"has-inline-color has-black-color\"><br>Senthamizh Pavai Valliappan &#8211; Royal Observatory of Belgium<\/mark><br>Ann Vaseekar &#8211; University of St Andrews<mark style=\"background-color:rgba(0, 0, 0, 0)\" class=\"has-inline-color has-black-color\"><br>Aparna Venkataramanasastry &#8211; Lockheed Martin Solar &amp; Astrophysics Lab\/ BAERI<br>Ekaterina Verner &#8211; NASA\/HQ\/Heliophysics<br>Astrid Veronig &#8211; University of Graz<br>James Wanliss &#8211; Presbyterian College<\/mark><br>Leah Zuckermann &#8211; National Solar Observatory \/ University of Colorado Boulder<\/p>\n","protected":false},"excerpt":{"rendered":"<p>INTERNATIONAL WORKSHOP ONMACHINE LEARNING AND COMPUTER VISIONIN HELIOPHYSICS19-21 April, 2023Sofia, Bulgariaand online List of Registered Participants Juan Esteban Agudelo Ortiz &#8211; Universidad Nacional de ColombiaAisha Alowais &#8211; University of SharjahHanne Baeke &#8211; KU LeuvenMaike Bauer &#8211; GeoSphere AustriaSarah Bentley &#8211; Northumbria UniversityStefano Bianco &#8211; GFZ German Research Centre for GeosciencesHarry Birch &#8211; Northumbria UniversitySlava Bourgeois<\/p>\n<p class=\"more-link\"><a href=\"https:\/\/mosaiics.astro.bas.bg\/?page_id=419\" class=\"themebutton\">Read More<\/a><\/p>\n","protected":false},"author":2,"featured_media":0,"parent":165,"menu_order":0,"comment_status":"closed","ping_status":"closed","template":"","meta":[],"_links":{"self":[{"href":"https:\/\/mosaiics.astro.bas.bg\/index.php?rest_route=\/wp\/v2\/pages\/419"}],"collection":[{"href":"https:\/\/mosaiics.astro.bas.bg\/index.php?rest_route=\/wp\/v2\/pages"}],"about":[{"href":"https:\/\/mosaiics.astro.bas.bg\/index.php?rest_route=\/wp\/v2\/types\/page"}],"author":[{"embeddable":true,"href":"https:\/\/mosaiics.astro.bas.bg\/index.php?rest_route=\/wp\/v2\/users\/2"}],"replies":[{"embeddable":true,"href":"https:\/\/mosaiics.astro.bas.bg\/index.php?rest_route=%2Fwp%2Fv2%2Fcomments&post=419"}],"version-history":[{"count":19,"href":"https:\/\/mosaiics.astro.bas.bg\/index.php?rest_route=\/wp\/v2\/pages\/419\/revisions"}],"predecessor-version":[{"id":804,"href":"https:\/\/mosaiics.astro.bas.bg\/index.php?rest_route=\/wp\/v2\/pages\/419\/revisions\/804"}],"up":[{"embeddable":true,"href":"https:\/\/mosaiics.astro.bas.bg\/index.php?rest_route=\/wp\/v2\/pages\/165"}],"wp:attachment":[{"href":"https:\/\/mosaiics.astro.bas.bg\/index.php?rest_route=%2Fwp%2Fv2%2Fmedia&parent=419"}],"curies":[{"name":"wp","href":"https:\/\/api.w.org\/{rel}","templated":true}]}}