{"id":557,"date":"2024-09-10T09:57:04","date_gmt":"2024-09-10T06:57:04","guid":{"rendered":"https:\/\/mosaiics.astro.bas.bg\/?page_id=557"},"modified":"2025-05-01T14:23:55","modified_gmt":"2025-05-01T11:23:55","slug":"machine-learning-and-computer-vision-in-heliophysics-2025","status":"publish","type":"page","link":"https:\/\/mosaiics.astro.bas.bg\/?page_id=557","title":{"rendered":"MACHINE LEARNING AND COMPUTER VISION IN HELIOPHYSICS 2025"},"content":{"rendered":"\n<div class=\"wp-block-cover\" style=\"min-height:475px\"><span aria-hidden=\"true\" class=\"wp-block-cover__background has-background-dim-0 has-background-dim\"><\/span><img decoding=\"async\" loading=\"lazy\" width=\"1920\" height=\"1080\" class=\"wp-block-cover__image-background wp-image-223\" alt=\"\" src=\"https:\/\/mosaiics.astro.bas.bg\/wp-content\/uploads\/2022\/11\/MSH2023_1920x1080-2.jpg\" data-object-fit=\"cover\" srcset=\"https:\/\/mosaiics.astro.bas.bg\/wp-content\/uploads\/2022\/11\/MSH2023_1920x1080-2.jpg 1920w, https:\/\/mosaiics.astro.bas.bg\/wp-content\/uploads\/2022\/11\/MSH2023_1920x1080-2-300x169.jpg 300w, https:\/\/mosaiics.astro.bas.bg\/wp-content\/uploads\/2022\/11\/MSH2023_1920x1080-2-1024x576.jpg 1024w, https:\/\/mosaiics.astro.bas.bg\/wp-content\/uploads\/2022\/11\/MSH2023_1920x1080-2-768x432.jpg 768w, https:\/\/mosaiics.astro.bas.bg\/wp-content\/uploads\/2022\/11\/MSH2023_1920x1080-2-1536x864.jpg 1536w\" sizes=\"(max-width: 1920px) 100vw, 1920px\" \/><div class=\"wp-block-cover__inner-container\">\n<p class=\"has-text-align-center has-large-font-size\"><\/p>\n<\/div><\/div>\n\n\n\n<div style=\"height:18px\" aria-hidden=\"true\" class=\"wp-block-spacer\"><\/div>\n\n\n\n<h1 class=\"has-text-align-center has-large-font-size\">MACHINE LEARNING AND COMPUTER VISION<br>IN HELIOPHYSICS<\/h1>\n\n\n\n<h2 class=\"has-text-align-center\" style=\"font-size:30px\">7-9 APRIL <span style=\"font-weight:300;\">2025<\/span><br><span style=\"font-weight:700;\">SOFIA<\/span> <span style=\"font-weight:300;\">BULGARIA<\/span><br>and online<\/h2>\n\n\n\n<div style=\"height:29px\" aria-hidden=\"true\" class=\"wp-block-spacer\"><\/div>\n\n\n\n<div class=\"is-content-justification-center is-layout-flex wp-container-1 wp-block-buttons has-custom-font-size has-small-font-size\">\n<div class=\"wp-block-button has-custom-font-size\" style=\"font-size:16px\"><a class=\"wp-block-button__link has-white-color has-luminous-vivid-orange-background-color has-text-color has-background wp-element-button\" href=\"#register\">Registration<\/a><\/div>\n\n\n\n<div class=\"wp-block-button has-custom-font-size is-style-fill\" style=\"font-size:16px\"><a class=\"wp-block-button__link has-white-color has-luminous-vivid-orange-background-color has-text-color has-background wp-element-button\" href=\"#abstracts\">Abstracts<\/a><\/div>\n\n\n\n<div class=\"wp-block-button has-custom-font-size\" style=\"font-size:16px\"><a class=\"wp-block-button__link has-white-color has-luminous-vivid-orange-background-color has-text-color has-background wp-element-button\" href=\"#program\">Program<\/a><\/div>\n\n\n\n<div class=\"wp-block-button has-custom-font-size\" style=\"font-size:16px\"><a class=\"wp-block-button__link has-white-color has-luminous-vivid-orange-background-color has-text-color has-background wp-element-button\" href=\"#venue\">Venue<\/a><\/div>\n\n\n\n<div class=\"wp-block-button has-custom-font-size\" style=\"font-size:16px\"><a class=\"wp-block-button__link has-white-color has-luminous-vivid-orange-background-color has-text-color has-background wp-element-button\" href=\"#participants\">Participants<\/a><\/div>\n\n\n\n<div class=\"wp-block-button has-custom-font-size\" style=\"font-size:16px\"><a class=\"wp-block-button__link has-white-color has-luminous-vivid-orange-background-color has-text-color has-background wp-element-button\" href=\"#presenters_info\">Presenter Info<\/a><\/div>\n<\/div>\n\n\n\n<div style=\"height:51px\" aria-hidden=\"true\" class=\"wp-block-spacer\"><\/div>\n\n\n\n<p class=\"has-text-align-center has-black-color has-text-color has-medium-font-size\">Thanks to all who attended the MCH25 Conference in person and virtually! The videos of presentations will be posted here in due course. The next conference is planned for 2027.<\/p>\n\n\n<div class=\"wp-block-image\">\n<figure class=\"aligncenter size-large is-resized\"><img decoding=\"async\" loading=\"lazy\" src=\"https:\/\/mosaiics.astro.bas.bg\/wp-content\/uploads\/2025\/05\/IMG_1371-1024x470.jpeg\" alt=\"\" class=\"wp-image-823\" width=\"840\" height=\"385\" srcset=\"https:\/\/mosaiics.astro.bas.bg\/wp-content\/uploads\/2025\/05\/IMG_1371-1024x470.jpeg 1024w, https:\/\/mosaiics.astro.bas.bg\/wp-content\/uploads\/2025\/05\/IMG_1371-300x138.jpeg 300w, https:\/\/mosaiics.astro.bas.bg\/wp-content\/uploads\/2025\/05\/IMG_1371-768x352.jpeg 768w, https:\/\/mosaiics.astro.bas.bg\/wp-content\/uploads\/2025\/05\/IMG_1371-1536x705.jpeg 1536w, https:\/\/mosaiics.astro.bas.bg\/wp-content\/uploads\/2025\/05\/IMG_1371.jpeg 2008w\" sizes=\"(max-width: 840px) 100vw, 840px\" \/><\/figure><\/div>\n\n\n<p class=\"has-text-align-center has-black-color has-text-color has-medium-font-size\"><strong><mark style=\"background-color:rgba(0, 0, 0, 0)\" class=\"has-inline-color has-black-color\">This hybrid conference focuses on applications of Computer Vision and Machine \/ Deep Learning techniques to heliophysics research and forecasting frameworks, as well on the integration of these techniques into modeling and operational efforts for solar activity and heliospheric phenomena.<\/mark><\/strong><br><a href=\"https:\/\/mosaiics.astro.bas.bg\/?page_id=165\">Check out the website of the first MCH conference in 2023<\/a><\/p>\n\n\n\n<hr class=\"wp-block-separator has-alpha-channel-opacity is-style-dots\"\/>\n\n\n\n<h3 class=\"has-text-align-center has-black-color has-text-color\" style=\"font-size:29px;font-style:normal;font-weight:300\">Conference Topics<\/h3>\n\n\n\n<p class=\"has-black-color has-text-color has-medium-font-size\">&#8211; <mark style=\"background-color:rgba(0, 0, 0, 0)\" class=\"has-inline-color has-black-color\">Computer Vision and Machine Learning applications in heliophysics, including:<\/mark><br>      &#8211; <mark style=\"background-color:rgba(0, 0, 0, 0)\" class=\"has-inline-color has-black-color\">Solar magnetism<\/mark><br>      &#8211; <mark style=\"background-color:rgba(0, 0, 0, 0)\" class=\"has-inline-color has-black-color\">Solar activity (flares, CMEs, particles)<\/mark><br>      &#8211; <mark style=\"background-color:rgba(0, 0, 0, 0)\" class=\"has-inline-color has-black-color\">Solar wind<\/mark><br>      &#8211; <mark style=\"background-color:rgba(0, 0, 0, 0)\" class=\"has-inline-color has-black-color\">Space weather and space climate, gaps and applications to be tackled with CV and ML<\/mark><br>      &#8211; <mark style=\"background-color:rgba(0, 0, 0, 0)\" class=\"has-inline-color has-black-color\">Heliospheric radio emissions<\/mark><br>&#8211; <mark style=\"background-color:rgba(0, 0, 0, 0)\" class=\"has-inline-color has-black-color\">Computer Vision and Machine Learning techniques<\/mark><br><mark style=\"background-color:rgba(0, 0, 0, 0)\" class=\"has-inline-color has-black-color\">&#8211; Explainable Machine Learning<\/mark> <mark style=\"background-color:rgba(0, 0, 0, 0)\" class=\"has-inline-color has-black-color\">and Physics-informed networks<\/mark><br>&#8211; <mark style=\"background-color:rgba(0, 0, 0, 0)\" class=\"has-inline-color has-black-color\">Tools for CV and ML (based on Python, OpenCV, scikit-learn, TF\/Pytorch, etc)<\/mark><br>&#8211; Research to Operations augmented by CV\/AI<\/p>\n\n\n\n<hr class=\"wp-block-separator has-alpha-channel-opacity is-style-wide\"\/>\n\n\n\n<h2 class=\"has-text-align-center has-text-color\" id=\"program\" style=\"color:#646464;font-size:38px;font-style:normal;font-weight:300\"><mark style=\"background-color:rgba(0, 0, 0, 0)\" class=\"has-inline-color has-black-color\">Program<\/mark><\/h2>\n\n\n\n<div class=\"wp-block-file orange-border bottom-padding\"><object class=\"wp-block-file__embed\" data=\"https:\/\/mosaiics.astro.bas.bg\/wp-content\/uploads\/2025\/04\/MCH25_FULL_MERGED_SCHEDULE.pdf\" type=\"application\/pdf\" style=\"width:100%;height:1190px\" aria-label=\"Embed of MCH25_FULL_MERGED_SCHEDULE.\"><\/object><a id=\"wp-block-file--media-169cfa6c-ab52-4c29-ba58-ad3dac0783df\" href=\"https:\/\/mosaiics.astro.bas.bg\/wp-content\/uploads\/2025\/04\/MCH25_FULL_MERGED_SCHEDULE.pdf\">MCH25_FULL_MERGED_SCHEDULE<\/a><a href=\"https:\/\/mosaiics.astro.bas.bg\/wp-content\/uploads\/2025\/04\/MCH25_FULL_MERGED_SCHEDULE.pdf\" class=\"wp-block-file__button wp-element-button\" download aria-describedby=\"wp-block-file--media-169cfa6c-ab52-4c29-ba58-ad3dac0783df\">Download<\/a><\/div>\n\n\n\n<div style=\"height:45px\" aria-hidden=\"true\" class=\"wp-block-spacer\"><\/div>\n\n\n\n<hr class=\"wp-block-separator has-alpha-channel-opacity is-style-wide\"\/>\n\n\n\n<h3 class=\"has-text-align-center has-black-color has-text-color\" style=\"font-size:29px;font-style:normal;font-weight:300\">Scientific Organising Committee<\/h3>\n\n\n\n<p class=\"has-black-color has-text-color has-medium-font-size\">Jorge Amaya (ESA)<mark style=\"background-color:rgba(0, 0, 0, 0)\" class=\"has-inline-color has-black-color\"><br>Manolis Georgoulis (Applied Physics Laboratory, Johns Hopkins University, USA)<\/mark><br>Robert Jarolim (HAO, USA)<mark style=\"background-color:rgba(0, 0, 0, 0)\" class=\"has-inline-color has-black-color\"><br>Shane Maloney (Dublin Institute for Advanced Studies, Ireland)<br>Michele Piana (Universit\u00e0 di Genova, Italy)<br><\/mark>Pietro Zucca (ASTRON, Netherlands)<br>Kamen Kozarev (Bulgarian Academy of Sciences, Bulgaria)<\/p>\n\n\n\n<hr class=\"wp-block-separator has-alpha-channel-opacity is-style-wide\"\/>\n\n\n\n<h3 class=\"has-text-align-center\" style=\"font-size:29px;font-style:normal;font-weight:300\">Invited Speakers<\/h3>\n\n\n\n<p class=\"has-text-align-left has-black-color has-text-color has-medium-font-size\">Andr\u00e9s Asensio Ramos (Instituto de Astrof\u00edsica de Canarias, Spain)<br><br>Sabrina Guastavino (University of Genoa, Italy)<br><br>Carlos Jos\u00e9 D\u00edaz Baso (University of Oslo, Norway)<br><br>Oleg Stepanyuk (Institute of Astronomy, Bulgarian Academy of Sciences, Bulgaria)<\/p>\n\n\n\n<hr class=\"wp-block-separator has-alpha-channel-opacity is-style-wide\"\/>\n\n\n\n<h2 class=\"has-text-align-center has-black-color has-text-color\" style=\"font-size:29px;font-style:normal;font-weight:300\">Deadlines<\/h2>\n\n\n\n<p class=\"has-black-color has-text-color has-medium-font-size\"><strong>Abstract Submission by: <\/strong>14 February, 2025<br><strong>Early Registration:<\/strong> 10-20 February, 2025<br><mark style=\"background-color:rgba(0, 0, 0, 0)\" class=\"has-inline-color has-black-color\"><strong>Regular Registration:<\/strong> 21 February-23 March, 2025<\/mark><br><strong>Late Registration<\/strong> (in person): 24 March-02 April, 2025<br><strong>Late Registration<\/strong> (online): 7 April, 2025<br><\/p>\n\n\n\n<hr class=\"wp-block-separator has-alpha-channel-opacity is-style-wide\"\/>\n\n\n\n<h2 class=\"has-text-align-center has-black-color has-text-color\" style=\"font-size:29px;font-style:normal;font-weight:300\">Local Organizing Committee<\/h2>\n\n\n\n<p class=\"has-black-color has-text-color has-medium-font-size\">Kamen Kozarev, Rositsa Miteva, <mark style=\"background-color:rgba(0, 0, 0, 0)\" class=\"has-inline-color has-black-color\">Momchil Dechev<\/mark>, Oleg Stepanyuk, Artem Epifanov, Vergil Yotov<mark style=\"background-color:rgba(0, 0, 0, 0)\" class=\"has-inline-color has-black-color\">, Dimitar Sotirov<br>Institute of Astronomy and National Astronomical Observatory, Bulgarian Academy of Sciences<\/mark><\/p>\n\n\n\n<p class=\"has-black-color has-text-color has-medium-font-size\"><br>For questions and inquiries, email <strong>mch@nao-rozhen.org<\/strong><\/p>\n\n\n\n<div style=\"height:32px\" aria-hidden=\"true\" class=\"wp-block-spacer\"><\/div>\n\n\n\n<hr class=\"wp-block-separator has-alpha-channel-opacity is-style-wide\"\/>\n\n\n\n<h2 class=\"has-text-align-center has-text-color\" id=\"abstracts\" style=\"color:#646464;font-size:38px;font-style:normal;font-weight:300\"><mark style=\"background-color:rgba(0, 0, 0, 0)\" class=\"has-inline-color has-black-color\">Abstracts<\/mark><\/h2>\n\n\n\n<div class=\"wp-block-file orange-border bottom-padding\"><object class=\"wp-block-file__embed\" data=\"https:\/\/mosaiics.astro.bas.bg\/wp-content\/uploads\/2025\/04\/\u0410bstracts_book_2025.pdf\" type=\"application\/pdf\" style=\"width:100%;height:660px\" aria-label=\"Embed of \u0410bstracts_book_2025.\"><\/object><a id=\"wp-block-file--media-169cfa6c-ab52-4c29-ba58-ad3dac0783df\" href=\"https:\/\/mosaiics.astro.bas.bg\/wp-content\/uploads\/2025\/04\/\u0410bstracts_book_2025.pdf\">\u0410bstracts_book_2025<\/a><a href=\"https:\/\/mosaiics.astro.bas.bg\/wp-content\/uploads\/2025\/04\/\u0410bstracts_book_2025.pdf\" class=\"wp-block-file__button wp-element-button\" download aria-describedby=\"wp-block-file--media-169cfa6c-ab52-4c29-ba58-ad3dac0783df\">Download<\/a><\/div>\n\n\n\n<hr class=\"wp-block-separator has-alpha-channel-opacity is-style-wide\"\/>\n\n\n\n<h2 class=\"has-text-align-center has-black-color has-text-color\" id=\"register\" style=\"font-size:38px;font-style:normal;font-weight:300\"><mark style=\"background-color:rgba(0, 0, 0, 0)\" class=\"has-inline-color has-black-color\">Regist<\/mark>ration<\/h2>\n\n\n\n<figure class=\"wp-block-table is-style-regular has-medium-font-size\"><table class=\"has-black-color has-text-color\"><thead><tr><th>Registration Type<\/th><th class=\"has-text-align-center\" data-align=\"center\">Dates<\/th><th class=\"has-text-align-center\" data-align=\"center\">In-Person Fees<\/th><th class=\"has-text-align-center\" data-align=\"center\">Online Fees<\/th><\/tr><\/thead><tbody><tr><td>Early Registration<\/td><td class=\"has-text-align-center\" data-align=\"center\">10-24 February, 2025<\/td><td class=\"has-text-align-center\" data-align=\"center\">110 EUR<\/td><td class=\"has-text-align-center\" data-align=\"center\">80 EUR<\/td><\/tr><tr><td>Regular Registration<\/td><td class=\"has-text-align-center\" data-align=\"center\"><mark style=\"background-color:rgba(0, 0, 0, 0)\" class=\"has-inline-color has-black-color\">25 February &#8211; 30 March, 2025<\/mark><\/td><td class=\"has-text-align-center\" data-align=\"center\">130 EUR<\/td><td class=\"has-text-align-center\" data-align=\"center\">100 EUR<\/td><\/tr><tr><td>Late Registration<\/td><td class=\"has-text-align-center\" data-align=\"center\">Late Registration<\/td><td class=\"has-text-align-center\" data-align=\"center\">150 EUR<\/td><td class=\"has-text-align-center\" data-align=\"center\">120 EUR<\/td><\/tr><\/tbody><\/table><\/figure>\n\n\n\n<p class=\"has-black-color has-text-color has-medium-font-size\">The organizers have very limited resources to support participation of undergraduate and graduate students <strong>only<\/strong>, on a first come, first served basis. Please email mch@nao-rozhen.org and state your case if you would like to be considered for financial support.<\/p>\n\n\n\n<div style=\"height:30px\" aria-hidden=\"true\" class=\"wp-block-spacer\"><\/div>\n\n\n\n<hr class=\"wp-block-separator has-alpha-channel-opacity is-style-wide\"\/>\n\n\n\n<h2 class=\"has-text-align-center has-text-color\" id=\"venue\" style=\"color:#646464;font-size:38px;font-style:normal;font-weight:300\"><mark style=\"background-color:rgba(0, 0, 0, 0)\" class=\"has-inline-color has-black-color\">Conference Venue<\/mark><\/h2>\n\n\n\n<p class=\"has-text-align-left has-medium-font-size\"><mark style=\"background-color:rgba(0, 0, 0, 0)\" class=\"has-inline-color has-black-color\">MCH25 will be held at <strong>&#8220;Mozart&#8221; Hall on the 4th floor of th\u0435 <a href=\"https:\/\/grandhotelmillenniumsofia.bg\/\">Grand Hotel Millennium<\/a> in Sofia,<\/strong> Bulgaria. The hotel is situated in downtown Sofia, close to tourist attractions, museums and galleries, restaurants and shopping. It is easily accessible by<\/mark> <a href=\"https:\/\/www.metropolitan.bg\/en\/scheme\/operating-metro\">subway<\/a> or taxi <mark style=\"background-color:rgba(0, 0, 0, 0)\" class=\"has-inline-color has-black-color\">from Sofia Airport.<\/mark><br><br>From the Airport, take the Metro 4 (yellow) line to &#8220;SU Sveti Kliment Ohridski&#8221; station, then switch to Metro 3 (green) line, direction Gorna Banya, and get off at &#8220;National Palace of Culture&#8221; station. Metro tickets cost 1.60 BGN (~0.8 EUR).<br><br>If taking a taxi, we recommend going to the official taxi stand to the side of the airport Terminal 2 and taking an authorised <a href=\"https:\/\/www.yellow333.com\/en\/\">Yellow taxi<\/a>. Taxi rates must be displayed on the rear, the ride to downtown Sofia should cost around 20 BGN (~10 EUR) or less.<\/p>\n\n\n\n<div class=\"is-layout-flex wp-container-4 wp-block-columns\">\n<div class=\"is-layout-flow wp-block-column\">\n<iframe src=\"https:\/\/www.google.com\/maps\/embed?pb=!1m14!1m8!1m3!1d11732.038716007191!2d23.3144689!3d42.6823373!3m2!1i1024!2i768!4f13.1!3m3!1m2!1s0x0%3A0x5166c937b4a299d4!2sGrand%20Hotel%20Millennium%20Sofia!5e0!3m2!1sen!2sbg!4v1675330750632!5m2!1sen!2sbg\" width=\"600\" height=\"450\" style=\"border:0;\" allowfullscreen=\"\" loading=\"lazy\" referrerpolicy=\"no-referrer-when-downgrade\"><\/iframe>\n<\/div>\n\n\n\n<div class=\"is-layout-flow wp-block-column\">\n<figure class=\"wp-block-image size-full\"><img decoding=\"async\" loading=\"lazy\" width=\"926\" height=\"756\" src=\"https:\/\/mosaiics.astro.bas.bg\/wp-content\/uploads\/2023\/02\/Screenshot-2023-02-07-at-9.20.21.png\" alt=\"\" class=\"wp-image-321\" srcset=\"https:\/\/mosaiics.astro.bas.bg\/wp-content\/uploads\/2023\/02\/Screenshot-2023-02-07-at-9.20.21.png 926w, https:\/\/mosaiics.astro.bas.bg\/wp-content\/uploads\/2023\/02\/Screenshot-2023-02-07-at-9.20.21-300x245.png 300w, https:\/\/mosaiics.astro.bas.bg\/wp-content\/uploads\/2023\/02\/Screenshot-2023-02-07-at-9.20.21-768x627.png 768w\" sizes=\"(max-width: 926px) 100vw, 926px\" \/><\/figure>\n<\/div>\n<\/div>\n\n\n\n<div style=\"height:44px\" aria-hidden=\"true\" class=\"wp-block-spacer\"><\/div>\n\n\n\n<hr class=\"wp-block-separator has-alpha-channel-opacity\"\/>\n\n\n\n<h2 class=\"has-text-align-center has-text-color\" id=\"participants\" style=\"color:#646464;font-size:38px;font-style:normal;font-weight:300\"><mark style=\"background-color:rgba(0, 0, 0, 0)\" class=\"has-inline-color has-black-color\">Participants<\/mark><\/h2>\n\n\n\n<p class=\"has-text-align-center has-medium-font-size\"><a href=\"https:\/\/mosaiics.astro.bas.bg\/?page_id=805\">THE LIST OF REGISTERED PARTICIPANTS IS HERE.<\/a><\/p>\n\n\n\n<div style=\"height:58px\" aria-hidden=\"true\" class=\"wp-block-spacer\"><\/div>\n\n\n\n<hr class=\"wp-block-separator has-alpha-channel-opacity\"\/>\n\n\n\n<h2 class=\"has-text-align-center\" id=\"presenters_info\" style=\"font-size:25px;font-style:normal;font-weight:400\"><mark style=\"background-color:rgba(0, 0, 0, 0)\" class=\"has-inline-color has-black-color\">INFORMATION FOR PRESENTERS<\/mark><\/h2>\n\n\n\n<h3><strong><mark style=\"background-color:rgba(0, 0, 0, 0)\" class=\"has-inline-color has-black-color\">Oral Presentations<\/mark><\/strong><\/h3>\n\n\n\n<p class=\"has-medium-font-size\"><mark style=\"background-color:rgba(0, 0, 0, 0)\" class=\"has-inline-color has-black-color\">Contributed oral talks will have 20-minute duration (15 + 5 min Q&amp;A). Invited oral talks will have 40-minute duration (35 + 5 min Q&amp;A). <strong>Presentations will only be accepted in .ppt\/.pptx or .pdf formats and landscape orientation<\/strong>; 16:9 aspect ratio is preferred, but we can accommodate 4:3 as well. Please submit your presentation in advance, sending it to mch@nao-rozhen.org.<\/mark><br><\/p>\n\n\n\n<h3 class=\"has-medium-font-size\"><strong><mark style=\"background-color:rgba(0, 0, 0, 0)\" class=\"has-inline-color has-black-color\">Poster Presentations<\/mark><\/strong><\/h3>\n\n\n\n<p class=\"has-black-color has-text-color has-medium-font-size\">Poster boards will be suitable for posters up to portrait B1 format (70.7 cm width \u00d7 100 cm height).<\/p>\n\n\n\n<div style=\"height:100px\" aria-hidden=\"true\" class=\"wp-block-spacer\"><\/div>\n\n\n\n<h2 class=\"has-text-align-center\" style=\"font-size:38px;font-style:normal;font-weight:300\"><mark style=\"background-color:rgba(0, 0, 0, 0)\" class=\"has-inline-color has-black-color\">Sponsors<\/mark><\/h2>\n\n\n\n<div class=\"is-layout-flex wp-container-8 wp-block-columns are-vertically-aligned-center\">\n<div class=\"is-layout-flow wp-block-column is-vertically-aligned-center\"><div class=\"wp-block-image\">\n<figure class=\"aligncenter size-full\"><a href=\"https:\/\/astro.bas.bg\"><img decoding=\"async\" loading=\"lazy\" width=\"238\" height=\"140\" src=\"https:\/\/mosaiics.astro.bas.bg\/wp-content\/uploads\/2023\/03\/IANAO_logo_square_EN_small-1.png\" alt=\"\" class=\"wp-image-459\"\/><\/a><figcaption class=\"wp-element-caption\"><strong><mark style=\"background-color:rgba(0, 0, 0, 0)\" class=\"has-inline-color has-black-color\"><a href=\"https:\/\/astro.bas.bg\">Institute of Astronomy, Bulgarian Academy of Sciences<\/a><\/mark><\/strong><\/figcaption><\/figure><\/div><\/div>\n\n\n\n<div class=\"is-layout-flow wp-block-column has-small-font-size\" style=\"flex-basis:50px\"><\/div>\n\n\n\n<div class=\"is-layout-flow wp-block-column is-vertically-aligned-center\">\n<figure class=\"wp-block-image size-full\"><a href=\"https:\/\/fni.bg\"><img decoding=\"async\" loading=\"lazy\" width=\"420\" height=\"120\" src=\"https:\/\/mosaiics.astro.bas.bg\/wp-content\/uploads\/2023\/03\/fni_tansparent-1.png\" alt=\"\" class=\"wp-image-455\" srcset=\"https:\/\/mosaiics.astro.bas.bg\/wp-content\/uploads\/2023\/03\/fni_tansparent-1.png 420w, https:\/\/mosaiics.astro.bas.bg\/wp-content\/uploads\/2023\/03\/fni_tansparent-1-300x86.png 300w\" sizes=\"(max-width: 420px) 100vw, 420px\" \/><\/a><figcaption class=\"wp-element-caption\"><mark style=\"background-color:rgba(0, 0, 0, 0)\" class=\"has-inline-color has-black-color\"><a rel=\"noreferrer noopener\" href=\"https:\/\/fni.bg\" target=\"_blank\"><strong>Bulgarian National Science Fund<\/strong><\/a><\/mark><\/figcaption><\/figure>\n<\/div>\n<\/div>\n\n\n\n<h3 class=\"has-text-align-left has-medium-font-size\"><mark style=\"background-color:rgba(0, 0, 0, 0)\" class=\"has-inline-color has-black-color\">The MOSAIICS project is funded under contract KP-06-DV-8\/18.12.2019 to the Institute of Astronomy and NAO, BAS, under the National Scientific Program \u201cVIHREN\u201d of the Bulgarian National Science Fund.<\/mark><\/h3>\n","protected":false},"excerpt":{"rendered":"<p>MACHINE LEARNING AND COMPUTER VISIONIN HELIOPHYSICS 7-9 APRIL 2025SOFIA BULGARIAand online Thanks to all who attended the MCH25 Conference in person and virtually! The videos of presentations will be posted here in due course. The next conference is planned for 2027. This hybrid conference focuses on applications of Computer Vision and Machine \/ Deep Learning<\/p>\n<p class=\"more-link\"><a href=\"https:\/\/mosaiics.astro.bas.bg\/?page_id=557\" class=\"themebutton\">Read More<\/a><\/p>\n","protected":false},"author":2,"featured_media":0,"parent":0,"menu_order":0,"comment_status":"closed","ping_status":"closed","template":"","meta":[],"_links":{"self":[{"href":"https:\/\/mosaiics.astro.bas.bg\/index.php?rest_route=\/wp\/v2\/pages\/557"}],"collection":[{"href":"https:\/\/mosaiics.astro.bas.bg\/index.php?rest_route=\/wp\/v2\/pages"}],"about":[{"href":"https:\/\/mosaiics.astro.bas.bg\/index.php?rest_route=\/wp\/v2\/types\/page"}],"author":[{"embeddable":true,"href":"https:\/\/mosaiics.astro.bas.bg\/index.php?rest_route=\/wp\/v2\/users\/2"}],"replies":[{"embeddable":true,"href":"https:\/\/mosaiics.astro.bas.bg\/index.php?rest_route=%2Fwp%2Fv2%2Fcomments&post=557"}],"version-history":[{"count":81,"href":"https:\/\/mosaiics.astro.bas.bg\/index.php?rest_route=\/wp\/v2\/pages\/557\/revisions"}],"predecessor-version":[{"id":829,"href":"https:\/\/mosaiics.astro.bas.bg\/index.php?rest_route=\/wp\/v2\/pages\/557\/revisions\/829"}],"wp:attachment":[{"href":"https:\/\/mosaiics.astro.bas.bg\/index.php?rest_route=%2Fwp%2Fv2%2Fmedia&parent=557"}],"curies":[{"name":"wp","href":"https:\/\/api.w.org\/{rel}","templated":true}]}}